{"id":171,"date":"2022-04-21T15:57:00","date_gmt":"2022-04-21T15:57:00","guid":{"rendered":"http:\/\/hotelpaulin.mightymiramichi.ca\/?page_id=171"},"modified":"2024-09-10T16:46:06","modified_gmt":"2024-09-10T16:46:06","slug":"accueil","status":"publish","type":"page","link":"https:\/\/hotelpaulin.ca\/fr\/","title":{"rendered":"Accueil"},"content":{"rendered":"\n<h2>\n\t\tChambres d'h\u00f4tes de l'historique H\u00f4tel Paulin\n\t<\/h2>\n\t<p>L'H\u00f4tel Paulin est un h\u00f4tel-boutique historique en bord de mer, construit en 1891. L'un des plus anciens h\u00f4tels du Canada, c'est un exemple color\u00e9 et vivant de l'architecture acadienne primitive et a \u00e9t\u00e9 pr\u00e9sent\u00e9 dans d'innombrables publications de voyage prestigieuses.<\/p>\n\t\t\t<a href=\"https:\/\/hotelpaulin.ca\/reservations\/?lang=fr\" target=\"_self\" rel=\"noopener\">\n\t\t\t\t\t\t\tNos chambres \u00bb\n\t\t\t\t\t<\/a>\n\t\t\t\t<img loading=\"lazy\" decoding=\"async\" src=\"https:\/\/hotelpaulin.ca\/wp-content\/uploads\/2022\/06\/homepic1.jpg\" alt=\"homepic1\" itemprop=\"image\" height=\"480\" width=\"480\" title=\"homepic1\" onerror=\"this.style.display='none'\"  \/>\n\t\t\t\t<img loading=\"lazy\" decoding=\"async\" src=\"https:\/\/hotelpaulin.ca\/wp-content\/uploads\/2022\/06\/homepic2.jpg\" alt=\"homepic2\" itemprop=\"image\" height=\"480\" width=\"480\" title=\"homepic2\" onerror=\"this.style.display='none'\"  \/>\n\t\t\t\t<img loading=\"lazy\" decoding=\"async\" src=\"https:\/\/hotelpaulin.ca\/wp-content\/uploads\/2022\/07\/divider_v2.png\" alt=\"divider_v2\" itemprop=\"image\" height=\"200\" width=\"4000\" title=\"divider_v2\" onerror=\"this.style.display='none'\"  \/>\n\t\t\t\t<img loading=\"lazy\" decoding=\"async\" src=\"https:\/\/hotelpaulin.ca\/wp-content\/uploads\/2022\/06\/food2.jpg\" alt=\"food2\" itemprop=\"image\" height=\"689\" width=\"541\" title=\"food2\" onerror=\"this.style.display='none'\"  \/>\n\t\t\t\t<img loading=\"lazy\" decoding=\"async\" src=\"https:\/\/hotelpaulin.ca\/wp-content\/uploads\/2022\/06\/food1.jpg\" alt=\"food1\" itemprop=\"image\" height=\"900\" width=\"678\" title=\"food1\" onerror=\"this.style.display='none'\"  \/>\n<h2>\n\t\tSalle \u00e0 manger licenci\u00e9e\n\t<\/h2>\n\t\t\t<p>Notre salle \u00e0 manger licenci\u00e9e est temporairement ferm\u00e9e en raison de la et du manque de personnel.<\/p>\n\t<p>Avec un menu en constante \u00e9volution, la chef\/propri\u00e9taire Karen Mersereau et son partenaire, G\u00e9rard Paulin, propri\u00e9taire de 3e g\u00e9n\u00e9ration, proposent une cuisine de la ferme \u00e0 la table \u00e0 base d'aliments frais locaux et sauvages du Nouveau-Brunswick. Karen propose des vacances culinaires guid\u00e9es par un chef, des visites gastronomiques et \u0153nologiques, des cours de cuisine o\u00f9 les clients recherchent des aliments sauvages qui seront ensuite utilis\u00e9s pour le d\u00eener. Une salle \u00e0 manger enti\u00e8rement sous licence et des vins s\u00e9lectionn\u00e9s par un sommelier sont toutes les caract\u00e9ristiques de cet h\u00f4tel.<\/p>\n\t\t\tPaquets\n\t\t\t\t\t\t<a href=\"https:\/\/hotelpaulin.ca\/forfaits\/?lang=fr\" target=\"_self\" role=\"button\" rel=\"noopener\">\n\t\t\t\tVoir les d\u00e9tails\t\t\t<\/a>\n\t\t\t\u00c9v\u00e9nements\n\t\t\t\t\t\t<a href=\"https:\/\/hotelpaulin.ca\/evenements\/?lang=fr\" target=\"_self\" role=\"button\" rel=\"noopener\">\n\t\t\t\tVoir les d\u00e9tails\t\t\t<\/a>\n\t\t\tAventures\n\t\t\t\t\t\t<a href=\"https:\/\/hotelpaulin.ca\/aventures\/?lang=fr\" target=\"_self\" role=\"button\" rel=\"noopener\">\n\t\t\t\tVoir les d\u00e9tails\t\t\t<\/a>\n\n","protected":false},"excerpt":{"rendered":"<p>Chambres d'h\u00f4tes de l'historique H\u00f4tel Paulin L'H\u00f4tel Paulin est un h\u00f4tel-boutique historique en bord de mer, construit en 1891. L'un des plus anciens h\u00f4tels du Canada, c'est un exemple color\u00e9 et vivant de l'architecture acadienne primitive et a \u00e9t\u00e9 pr\u00e9sent\u00e9 dans d'innombrables publications de voyage prestigieuses. Nos chambres \u00bb Salle \u00e0 manger licenci\u00e9e Notre salle&hellip;<\/p>\n","protected":false},"author":1,"featured_media":0,"parent":0,"menu_order":0,"comment_status":"closed","ping_status":"closed","template":"","meta":{"footnotes":""},"class_list":["post-171","page","type-page","status-publish","hentry"],"_links":{"self":[{"href":"https:\/\/hotelpaulin.ca\/fr\/wp-json\/wp\/v2\/pages\/171","targetHints":{"allow":["GET"]}}],"collection":[{"href":"https:\/\/hotelpaulin.ca\/fr\/wp-json\/wp\/v2\/pages"}],"about":[{"href":"https:\/\/hotelpaulin.ca\/fr\/wp-json\/wp\/v2\/types\/page"}],"author":[{"embeddable":true,"href":"https:\/\/hotelpaulin.ca\/fr\/wp-json\/wp\/v2\/users\/1"}],"replies":[{"embeddable":true,"href":"https:\/\/hotelpaulin.ca\/fr\/wp-json\/wp\/v2\/comments?post=171"}],"version-history":[{"count":6,"href":"https:\/\/hotelpaulin.ca\/fr\/wp-json\/wp\/v2\/pages\/171\/revisions"}],"predecessor-version":[{"id":385,"href":"https:\/\/hotelpaulin.ca\/fr\/wp-json\/wp\/v2\/pages\/171\/revisions\/385"}],"wp:attachment":[{"href":"https:\/\/hotelpaulin.ca\/fr\/wp-json\/wp\/v2\/media?parent=171"}],"curies":[{"name":"wp","href":"https:\/\/api.w.org\/{rel}","templated":true}]}}