{"id":184,"date":"2022-06-14T11:48:00","date_gmt":"2022-06-14T11:48:00","guid":{"rendered":"http:\/\/hotelpaulin.mightymiramichi.ca\/?page_id=184"},"modified":"2022-07-28T18:30:50","modified_gmt":"2022-07-28T18:30:50","slug":"aventures","status":"publish","type":"page","link":"https:\/\/hotelpaulin.ca\/fr\/aventures\/","title":{"rendered":"Aventures"},"content":{"rendered":"\n\n\t\t\t\t<img loading=\"lazy\" decoding=\"async\" src=\"https:\/\/hotelpaulin.ca\/wp-content\/uploads\/2022\/07\/Autobus-01.jpg\" alt=\"Autobus - 01\" itemprop=\"image\" height=\"600\" width=\"600\" title=\"Autobus - 01\" onerror=\"this.style.display='none'\"  \/>\n<h2>\n\t\tVillage historique acadien\n\t<\/h2>\n\t<p>Un site historique d'une authenticit\u00e9 remarquable, qui retrace la vie des Acadiens entre 1770 et 1939. Plus de 40 b\u00e2timents sont anim\u00e9s par des interpr\u00e8tes en costumes d'\u00e9poque qui font revivre les coutumes ancestrales et les m\u00e9tiers traditionnels. Visitez le Ch\u00e2teau Albert - une r\u00e9plique de l'h\u00f4tel qui \u00e9tait situ\u00e9 \u00e0 c\u00f4t\u00e9 de l'H\u00f4tel Paulin au d\u00e9but des ann\u00e9es 1900.<\/p>\n\t\t\t<a href=\"https:\/\/www.villagehistoriqueacadien.com\/site\" target=\"_blank\" role=\"button\" rel=\"noopener\">\n\t\t\t\t\t\t\tPlus d'information\n\t\t\t\t\t<\/a>\n\t\t\t\t<img loading=\"lazy\" decoding=\"async\" src=\"https:\/\/hotelpaulin.ca\/wp-content\/uploads\/2022\/07\/shippigan.jpg\" alt=\"shippigan\" itemprop=\"image\" height=\"321\" width=\"418\" title=\"shippigan\" onerror=\"this.style.display='none'\"  \/>\n<h2>\n\t\tVille de Shippagan\n\t<\/h2>\n\t<p>Admirez le d\u00e9fil\u00e9 des navires alors qu'ils s'amarrent et quittent les quais environnants. Et avec des bateaux peints en rouge, vert et bleu vifs, le caract\u00e8re color\u00e9 de cette ville baln\u00e9aire est sans fin.<\/p>\n\t\t\t<a href=\"https:\/\/www.shippagan.ca\" target=\"_blank\" role=\"button\" rel=\"noopener\">\n\t\t\t\t\t\t\tPlus d'information\n\t\t\t\t\t<\/a>\n\t\t\t\t<img loading=\"lazy\" decoding=\"async\" src=\"https:\/\/hotelpaulin.ca\/wp-content\/uploads\/2022\/07\/FUq6M6qXEAAAYWK.jpg\" alt=\"FUq6M6qXEAAAYWK\" itemprop=\"image\" height=\"1536\" width=\"2048\" title=\"FUq6M6qXEAAAYWK\" onerror=\"this.style.display='none'\"  \/>\n<h2>\n\t\tTh\u00e9\u00e2tre\n\t<\/h2>\n\t<p>Assistez aux bouffonneries sc\u00e9niques du Th\u00e9\u00e2tre populaire d'Acadie qui, depuis 1974 et tout au long de l'\u00e9t\u00e9, offre du th\u00e9\u00e2tre professionnel fran\u00e7ais \u00e0 la Bo\u00eete-Th\u00e9\u00e2tre.<\/p>\n\t\t\t<a href=\"https:\/\/tpacadie.ca\" target=\"_blank\" role=\"button\" rel=\"noopener\">\n\t\t\t\t\t\t\tPlus d'information\n\t\t\t\t\t<\/a>\n\t\t\t\t<img loading=\"lazy\" decoding=\"async\" src=\"https:\/\/hotelpaulin.ca\/wp-content\/uploads\/2022\/07\/museum-scaled.jpeg\" alt=\"museum\" itemprop=\"image\" height=\"1707\" width=\"2560\" title=\"museum\" onerror=\"this.style.display='none'\"  \/>\n<h2>\n\t\t<a href=\"https:\/\/www.museecaraquet.ca\" title=\"Mus\u00e9e acadien de Caraquet\" target=\"_blank\" rel=\"noopener\">\n\t\tMus\u00e9e acadien de Caraquet\n\t\t<\/a>\n\t<\/h2>\n\t<p>N'oubliez pas de visiter les vitrines du Mus\u00e9e acadien de Caraquet. Si vous vous \u00eates d\u00e9j\u00e0 demand\u00e9 ce qui rend ce mode de vie typiquement fran\u00e7ais si vivant, vous le d\u00e9couvrirez ici.<\/p>\n\t\t\t<a href=\"https:\/\/www.museecaraquet.ca\" target=\"_blank\" role=\"button\" rel=\"noopener\">\n\t\t\t\t\t\t\tPlus d'information\n\t\t\t\t\t<\/a>\n\n","protected":false},"excerpt":{"rendered":"<p>Village historique acadien Un site historique d'une authenticit\u00e9 remarquable, qui retrace la vie des Acadiens entre 1770 et 1939. Plus de 40 b\u00e2timents sont anim\u00e9s par des interpr\u00e8tes en costumes d'\u00e9poque qui font revivre les coutumes ancestrales et les m\u00e9tiers traditionnels. Visitez le Ch\u00e2teau Albert - une r\u00e9plique de l'h\u00f4tel qui \u00e9tait situ\u00e9 \u00e0 c\u00f4t\u00e9&hellip;<\/p>\n","protected":false},"author":1,"featured_media":0,"parent":0,"menu_order":0,"comment_status":"closed","ping_status":"closed","template":"","meta":{"footnotes":""},"class_list":["post-184","page","type-page","status-publish","hentry"],"_links":{"self":[{"href":"https:\/\/hotelpaulin.ca\/fr\/wp-json\/wp\/v2\/pages\/184","targetHints":{"allow":["GET"]}}],"collection":[{"href":"https:\/\/hotelpaulin.ca\/fr\/wp-json\/wp\/v2\/pages"}],"about":[{"href":"https:\/\/hotelpaulin.ca\/fr\/wp-json\/wp\/v2\/types\/page"}],"author":[{"embeddable":true,"href":"https:\/\/hotelpaulin.ca\/fr\/wp-json\/wp\/v2\/users\/1"}],"replies":[{"embeddable":true,"href":"https:\/\/hotelpaulin.ca\/fr\/wp-json\/wp\/v2\/comments?post=184"}],"version-history":[{"count":2,"href":"https:\/\/hotelpaulin.ca\/fr\/wp-json\/wp\/v2\/pages\/184\/revisions"}],"predecessor-version":[{"id":323,"href":"https:\/\/hotelpaulin.ca\/fr\/wp-json\/wp\/v2\/pages\/184\/revisions\/323"}],"wp:attachment":[{"href":"https:\/\/hotelpaulin.ca\/fr\/wp-json\/wp\/v2\/media?parent=184"}],"curies":[{"name":"wp","href":"https:\/\/api.w.org\/{rel}","templated":true}]}}