{"id":186,"date":"2022-06-20T17:46:05","date_gmt":"2022-06-20T17:46:05","guid":{"rendered":"http:\/\/hotelpaulin.mightymiramichi.ca\/?page_id=186"},"modified":"2022-07-28T18:37:08","modified_gmt":"2022-07-28T18:37:08","slug":"evenements","status":"publish","type":"page","link":"https:\/\/hotelpaulin.ca\/fr\/evenements\/","title":{"rendered":"\u00c9v\u00e9nements"},"content":{"rendered":"\n\n<h2>\n\t\tF\u00eates et c\u00e9r\u00e9monies\n\t<\/h2>\n\t\t\t\t<img loading=\"lazy\" decoding=\"async\" src=\"https:\/\/hotelpaulin.ca\/wp-content\/uploads\/2022\/07\/poesie.jpg\" alt=\"poesie\" itemprop=\"image\" height=\"1349\" width=\"2024\" title=\"poesie\" onerror=\"this.style.display='none'\"  \/>\n\t<h4><strong>Festival acadien de po\u00e9sie<\/strong><\/h4>\n<p>28 au 31 juillet 2022<\/p>\n\t\t\t<a href=\"https:\/\/fapoesie.ca\" target=\"_blank\" role=\"button\" rel=\"noopener\">\n\t\t\t\t\t\t\tVisitez le site Web\n\t\t\t\t\t<\/a>\n\t\t\t\t<img loading=\"lazy\" decoding=\"async\" src=\"https:\/\/hotelpaulin.ca\/wp-content\/uploads\/2022\/07\/sing.jpg\" alt=\"sing\" itemprop=\"image\" height=\"609\" width=\"949\" title=\"sing\" onerror=\"this.style.display='none'\"  \/>\n\t<h4><strong>Gala de la chanson<\/strong><\/h4>\n<p>31 juillet 2022<\/p>\n\t\t\t<a href=\"https:\/\/galadelachanson.ca\" target=\"_blank\" role=\"button\" rel=\"noopener\">\n\t\t\t\t\t\t\tVisitez le site Web\n\t\t\t\t\t<\/a>\n\t\t\t\t<img loading=\"lazy\" decoding=\"async\" src=\"https:\/\/hotelpaulin.ca\/wp-content\/uploads\/2022\/07\/fest.jpg\" alt=\"fest\" itemprop=\"image\" height=\"1349\" width=\"2024\" title=\"fest\" onerror=\"this.style.display='none'\"  \/>\n\t<h4><strong>Festival acadien de Caraquet<\/strong><\/h4>\n<p>5 au 15 ao\u00fbt 2022<\/p>\n\t\t\t<a href=\"https:\/\/festivalacadien.ca\/\" target=\"_blank\" role=\"button\" rel=\"noopener\">\n\t\t\t\t\t\t\tVisitez le site Web\n\t\t\t\t\t<\/a>\n\n","protected":false},"excerpt":{"rendered":"<p>F\u00eates et c\u00e9r\u00e9monies Festival acadien de po\u00e9sie 28 au 31 juillet 2022 Visitez le site Web Gala de la chanson 31 juillet 2022 Visitez le site Web Festival acadien de Caraquet 5 au 15 ao\u00fbt 2022 Visitez le site Web<\/p>\n","protected":false},"author":1,"featured_media":0,"parent":0,"menu_order":0,"comment_status":"closed","ping_status":"closed","template":"","meta":{"footnotes":""},"class_list":["post-186","page","type-page","status-publish","hentry"],"_links":{"self":[{"href":"https:\/\/hotelpaulin.ca\/fr\/wp-json\/wp\/v2\/pages\/186","targetHints":{"allow":["GET"]}}],"collection":[{"href":"https:\/\/hotelpaulin.ca\/fr\/wp-json\/wp\/v2\/pages"}],"about":[{"href":"https:\/\/hotelpaulin.ca\/fr\/wp-json\/wp\/v2\/types\/page"}],"author":[{"embeddable":true,"href":"https:\/\/hotelpaulin.ca\/fr\/wp-json\/wp\/v2\/users\/1"}],"replies":[{"embeddable":true,"href":"https:\/\/hotelpaulin.ca\/fr\/wp-json\/wp\/v2\/comments?post=186"}],"version-history":[{"count":2,"href":"https:\/\/hotelpaulin.ca\/fr\/wp-json\/wp\/v2\/pages\/186\/revisions"}],"predecessor-version":[{"id":324,"href":"https:\/\/hotelpaulin.ca\/fr\/wp-json\/wp\/v2\/pages\/186\/revisions\/324"}],"wp:attachment":[{"href":"https:\/\/hotelpaulin.ca\/fr\/wp-json\/wp\/v2\/media?parent=186"}],"curies":[{"name":"wp","href":"https:\/\/api.w.org\/{rel}","templated":true}]}}