{"id":190,"date":"2022-06-20T17:45:51","date_gmt":"2022-06-20T17:45:51","guid":{"rendered":"http:\/\/hotelpaulin.mightymiramichi.ca\/?page_id=190"},"modified":"2022-07-28T18:45:14","modified_gmt":"2022-07-28T18:45:14","slug":"forfaits","status":"publish","type":"page","link":"https:\/\/hotelpaulin.ca\/fr\/forfaits\/","title":{"rendered":"Forfaits"},"content":{"rendered":"\n\n\t<h3>Options additionelles<\/h3>\t\n\t\t\t\t \t\t\t\t\t\t\t<a href=\"void(0)\" target=\"_self\" rel=\"noopener\">\n\t\t\t   \t \t\t\t<img decoding=\"async\" src=\"https:\/\/hotelpaulin.ca\/wp-content\/uploads\/2022\/07\/breakfast.jpg\" alt=\"breakfast\" \/>\n\t\t\t\t\t\t<\/a>\n\t\t\t\t\t\t\t\t\t\t\t\t\t<h2>\n\t\t\t\t\t\t\t\t\t\t\t\t\t\t\t\t\tlit et petit-d\u00e9jeune\n\t\t\t\t\t\t\t\t\t\t\t\t\t\t\t<\/h2>\n\t\t\t\t\t\t\t\tAjouter 12 $ par personne pour le petit-d\u00e9jeuner continental ou 14 $ par personne pour le petit-d\u00e9jeuner complet\t\t\t\t\t\t\t\n\t\t\t\t\t\t\t\t\t\t\t\t\t\t\t\t\t$\n\t\t\t\t\t\t\t\t\t\t\t\t\t\t\t\t12 \t\t\t\t\t\t\t\t\t\t\t\t\t\t\t\t\t\t\t\t\t\t\t\n\t\t\t\t \t\t\t\t\t\t\t<a href=\"void(0)\" target=\"_self\" rel=\"noopener\">\n\t\t\t   \t \t\t\t<img decoding=\"async\" src=\"https:\/\/hotelpaulin.ca\/wp-content\/uploads\/2022\/07\/cheese-g1a0dd4aee_1280.jpg\" alt=\"cheese-g1a0dd4aee_1280\" \/>\n\t\t\t\t\t\t<\/a>\n\t\t\t\t\t\t\t\t\t\t\t\t\t<h2>\n\t\t\t\t\t\t\t\t\t\t\t\t\t\t\t\t\tVin et Fromage\n\t\t\t\t\t\t\t\t\t\t\t\t\t\t\t<\/h2>\n\t\t\t\t\t\t\t\tAjouter 35$ par personne\t\t\t\t\t\t\t\n\t\t\t\t\t\t\t\t\t\t\t\t\t\t\t\t\t$\n\t\t\t\t\t\t\t\t\t\t\t\t\t\t\t\t35\t\t\t\t\t\t\t\t\t\t\t\t\t\t\t\t\t\t\t\t\t\t\t\n\t\t\t\t \t\t\t\t\t\t\t<a href=\"void(0)\" target=\"_self\" rel=\"noopener\">\n\t\t\t   \t \t\t\t<img decoding=\"async\" src=\"https:\/\/hotelpaulin.ca\/wp-content\/uploads\/2022\/07\/oyster-gbd0ccf5ea_1280.jpg\" alt=\"oyster-gbd0ccf5ea_1280\" \/>\n\t\t\t\t\t\t<\/a>\n\t\t\t\t\t\t\t\t\t\t\t\t\t<h2>\n\t\t\t\t\t\t\t\t\t\t\t\t\t\t\t\t\tChampagne et hu\u00eetres de Caraquet\n\t\t\t\t\t\t\t\t\t\t\t\t\t\t\t<\/h2>\n\t\t\t\t\t\t\t\t2 personnes\t\t\t\t\t\t\t\n\t\t\t\t\t\t\t\t\t\t\t\t\t\t\t\t\t$\n\t\t\t\t\t\t\t\t\t\t\t\t\t\t\t\t150\t\t\t\t\t\t\t\t\t\t\t\t\t\t\t\t\t\t\t\t\t\t\t\n\t\t\t\t \t\t\t\t\t\t\t<a href=\"void(0)\" target=\"_self\" rel=\"noopener\">\n\t\t\t   \t \t\t\t<img decoding=\"async\" src=\"https:\/\/hotelpaulin.ca\/wp-content\/uploads\/2022\/07\/charcuterie-board-gd4740f184_1280-1.jpg\" alt=\"charcuterie-board-gd4740f184_1280\" \/>\n\t\t\t\t\t\t<\/a>\n\t\t\t\t\t\t\t\t\t\t\t\t\t<h2>\n\t\t\t\t\t\t\t\t\t\t\t\t\t\t\t\t\tPlanche de Charcuterie\n\t\t\t\t\t\t\t\t\t\t\t\t\t\t\t<\/h2>\n\t\t\t\t\t\t\t\t2 personnes\t\t\t\t\t\t\t\n\t\t\t\t\t\t\t\t\t\t\t\t\t\t\t\t\t$\n\t\t\t\t\t\t\t\t\t\t\t\t\t\t\t\t50\t\t\t\t\t\t\t\t\t\t\t\t\t\t\t\t\t\t\t\t\t\t\t\n\t\t\t\t \t\t\t\t\t\t\t<a href=\"void(0)\" target=\"_self\" rel=\"noopener\">\n\t\t\t   \t \t\t\t<img decoding=\"async\" src=\"https:\/\/hotelpaulin.ca\/wp-content\/uploads\/2022\/07\/wines-gf56cc7ae0_1280.jpg\" alt=\"wines-gf56cc7ae0_1280\" \/>\n\t\t\t\t\t\t<\/a>\n\t\t\t\t\t\t\t\t\t\t\t\t\t<h2>\n\t\t\t\t\t\t\t\t\t\t\t\t\t\t\t\t\tBouteille de vin\n\t\t\t\t\t\t\t\t\t\t\t\t\t\t\t<\/h2>\n\t\t\t\t\t\t\t\trouge ou blanc\t\t\t\t\t\t\t\n\t\t\t\t\t\t\t\t\t\t\t\t\t\t\t\t\t$\n\t\t\t\t\t\t\t\t\t\t\t\t\t\t\t\t35\t\t\t\t\t\t\t\t\t\t\t\t\t\t\t\t\t\t\t\t\t\t\t\n\t\t\t\t \t\t\t\t\t\t\t<a href=\"void(0)\" target=\"_self\" rel=\"noopener\">\n\t\t\t   \t \t\t\t<img decoding=\"async\" src=\"https:\/\/hotelpaulin.ca\/wp-content\/uploads\/2022\/07\/chocolates-g330b4d939_1280.jpg\" alt=\"chocolates-g330b4d939_1280\" \/>\n\t\t\t\t\t\t<\/a>\n\t\t\t\t\t\t\t\t\t\t\t\t\t<h2>\n\t\t\t\t\t\t\t\t\t\t\t\t\t\t\t\t\tGrand Marnier et chocolats artisanaux locaux\n\t\t\t\t\t\t\t\t\t\t\t\t\t\t\t<\/h2>\n\t\t\t\t\t\t\t\t\t\t\t\t\t\t\t\t\t$\n\t\t\t\t\t\t\t\t\t\t\t\t\t\t\t\t58\t\t\t\t\t\t\t\t\t\t\t\t\t\t\t\t\t\t\t\t\t\t\t\n\t\t\t<a href=\"https:\/\/hotelpaulin.ca\/reservations\/?lang=fr\" target=\"_self\" role=\"button\" rel=\"noopener\">\n\t\t\t\t\t\t\tR\u00e9servez votre chambre\n\t\t\t\t\t<\/a>\n\n","protected":false},"excerpt":{"rendered":"<p>Options additionelles lit et petit-d\u00e9jeune Ajouter 12 $ par personne pour le petit-d\u00e9jeuner continental ou 14 $ par personne pour le petit-d\u00e9jeuner complet $ 12 Vin et Fromage Ajouter 35$ par personne $ 35 Champagne et hu\u00eetres de Caraquet 2 personnes $ 150 Planche de Charcuterie 2 personnes $ 50 Bouteille de vin rouge ou&hellip;<\/p>\n","protected":false},"author":1,"featured_media":0,"parent":0,"menu_order":0,"comment_status":"closed","ping_status":"closed","template":"","meta":{"footnotes":""},"class_list":["post-190","page","type-page","status-publish","hentry"],"_links":{"self":[{"href":"https:\/\/hotelpaulin.ca\/fr\/wp-json\/wp\/v2\/pages\/190","targetHints":{"allow":["GET"]}}],"collection":[{"href":"https:\/\/hotelpaulin.ca\/fr\/wp-json\/wp\/v2\/pages"}],"about":[{"href":"https:\/\/hotelpaulin.ca\/fr\/wp-json\/wp\/v2\/types\/page"}],"author":[{"embeddable":true,"href":"https:\/\/hotelpaulin.ca\/fr\/wp-json\/wp\/v2\/users\/1"}],"replies":[{"embeddable":true,"href":"https:\/\/hotelpaulin.ca\/fr\/wp-json\/wp\/v2\/comments?post=190"}],"version-history":[{"count":2,"href":"https:\/\/hotelpaulin.ca\/fr\/wp-json\/wp\/v2\/pages\/190\/revisions"}],"predecessor-version":[{"id":328,"href":"https:\/\/hotelpaulin.ca\/fr\/wp-json\/wp\/v2\/pages\/190\/revisions\/328"}],"wp:attachment":[{"href":"https:\/\/hotelpaulin.ca\/fr\/wp-json\/wp\/v2\/media?parent=190"}],"curies":[{"name":"wp","href":"https:\/\/api.w.org\/{rel}","templated":true}]}}