{"id":408,"date":"2024-10-09T17:31:08","date_gmt":"2024-10-09T17:31:08","guid":{"rendered":"https:\/\/hotelpaulin.ca\/?page_id=408"},"modified":"2024-10-10T00:16:43","modified_gmt":"2024-10-10T00:16:43","slug":"salon-de-coiffure","status":"publish","type":"page","link":"https:\/\/hotelpaulin.ca\/fr\/salon-de-coiffure\/","title":{"rendered":"Salon de coiffure"},"content":{"rendered":"\n\n\t\t\t\t<img loading=\"lazy\" decoding=\"async\" src=\"https:\/\/hotelpaulin.ca\/wp-content\/uploads\/2024\/10\/1905barbershop.jpg\" alt=\"1905barbershop\" itemprop=\"image\" height=\"400\" width=\"1200\" title=\"1905barbershop\" onerror=\"this.style.display='none'\"  \/>\n<h1>\n\t\t1905 Barber Shop\n\t<\/h1>\n<h2>\n\t\tJules Paulin\n\t<\/h2>\n\t<p>Barbier certifier<\/p>\n\t<strong>Heures :<\/strong><br \/>\nDu lundi au jeudi de 10h \u00e0 18h<br \/>\nVendredi- 22h-15h\n<p><strong>Lieu :<\/strong> 143, boulevard St-Pierre Ouest, Caraquet<\/p>\n\t<p><strong>E-mail :<\/strong> <a href=\"mailto:julesgerardpaulin@gmail.com\">julesgerardpaulin@gmail.com<\/a><\/p>\n<p><strong>T\u00e9l\u00e9phone :<\/strong>\u00a0506-720-0937<\/p>\n\t\t\t<a href=\"https:\/\/book.squareup.com\/appointments\/0nht68sczubela\/location\/L9SGC8D0P8XXR\/services\" target=\"_blank\" rel=\"noopener\">\n\t\t\t\t\t\t\tPrendre rendez-vous\n\t\t\t\t\t<\/a>\n\t\t\t\t<img loading=\"lazy\" decoding=\"async\" src=\"https:\/\/hotelpaulin.ca\/wp-content\/uploads\/2024\/10\/scissors-8619390_640.png\" alt=\"scissors-8619390_640\" itemprop=\"image\" height=\"640\" width=\"404\" title=\"scissors-8619390_640\" onerror=\"this.style.display='none'\"  \/>\n\n","protected":false},"excerpt":{"rendered":"<p>1905 Barber Shop Jules Paulin Barbier certifier Heures : Du lundi au jeudi de 10h \u00e0 18h Vendredi- 22h-15h Lieu : 143, boulevard St-Pierre Ouest, Caraquet E-mail : julesgerardpaulin@gmail.com T\u00e9l\u00e9phone :\u00a0506-720-0937 Prendre rendez-vous<\/p>\n","protected":false},"author":1,"featured_media":0,"parent":0,"menu_order":0,"comment_status":"closed","ping_status":"closed","template":"","meta":{"footnotes":""},"class_list":["post-408","page","type-page","status-publish","hentry"],"_links":{"self":[{"href":"https:\/\/hotelpaulin.ca\/fr\/wp-json\/wp\/v2\/pages\/408","targetHints":{"allow":["GET"]}}],"collection":[{"href":"https:\/\/hotelpaulin.ca\/fr\/wp-json\/wp\/v2\/pages"}],"about":[{"href":"https:\/\/hotelpaulin.ca\/fr\/wp-json\/wp\/v2\/types\/page"}],"author":[{"embeddable":true,"href":"https:\/\/hotelpaulin.ca\/fr\/wp-json\/wp\/v2\/users\/1"}],"replies":[{"embeddable":true,"href":"https:\/\/hotelpaulin.ca\/fr\/wp-json\/wp\/v2\/comments?post=408"}],"version-history":[{"count":5,"href":"https:\/\/hotelpaulin.ca\/fr\/wp-json\/wp\/v2\/pages\/408\/revisions"}],"predecessor-version":[{"id":415,"href":"https:\/\/hotelpaulin.ca\/fr\/wp-json\/wp\/v2\/pages\/408\/revisions\/415"}],"wp:attachment":[{"href":"https:\/\/hotelpaulin.ca\/fr\/wp-json\/wp\/v2\/media?parent=408"}],"curies":[{"name":"wp","href":"https:\/\/api.w.org\/{rel}","templated":true}]}}